{"id":413,"date":"2025-03-24T11:31:41","date_gmt":"2025-03-24T10:31:41","guid":{"rendered":"https:\/\/napalm-editions.fr\/?post_type=product&#038;p=413"},"modified":"2025-03-24T13:19:30","modified_gmt":"2025-03-24T12:19:30","slug":"supplement-toulga","status":"publish","type":"product","link":"https:\/\/napalm-editions.fr\/?product=supplement-toulga","title":{"rendered":"Suppl\u00e9ment : Toulga, perle de l&rsquo;oc\u00e9an PdF"},"content":{"rendered":"<p><img fetchpriority=\"high\" decoding=\"async\" class=\"alignnone size-medium wp-image-415\" src=\"https:\/\/napalm-editions.fr\/wp-content\/uploads\/2025\/03\/Toulga_livre-226x300.jpg\" alt=\"\" width=\"226\" height=\"300\" srcset=\"https:\/\/napalm-editions.fr\/wp-content\/uploads\/2025\/03\/Toulga_livre-226x300.jpg 226w, https:\/\/napalm-editions.fr\/wp-content\/uploads\/2025\/03\/Toulga_livre-772x1024.jpg 772w, https:\/\/napalm-editions.fr\/wp-content\/uploads\/2025\/03\/Toulga_livre-768x1019.jpg 768w, https:\/\/napalm-editions.fr\/wp-content\/uploads\/2025\/03\/Toulga_livre-600x796.jpg 600w, https:\/\/napalm-editions.fr\/wp-content\/uploads\/2025\/03\/Toulga_livre.jpg 849w\" sizes=\"(max-width: 226px) 100vw, 226px\" \/><\/p>\n<p><strong>TOULGA, perle de l&rsquo;oc\u00e9an, <\/strong>troisi\u00e8me suppl\u00e9ment pour le jeu de r\u00f4le.<\/p>\n<p>Apr\u00e8s un troisi\u00e8me financement participatif r\u00e9ussi en mars 2023 pour son second suppl\u00e9ment : l&rsquo;Ancienne Atlantide, <em><strong>Napalm \u00e9ditions<\/strong><\/em> est fier de vous pr\u00e9senter son troisi\u00e8me suppl\u00e9ment pour le jeu de r\u00f4le abyssal, Subabysse. Si vous ne connaissez pas encore ce jeu, je vous invite \u00e0 aller sur son site officiel et sur les pages des pr\u00e9c\u00e9dents financements :<\/p>\n<p>Cette campagne pour Subabysse, le jeu de r\u00f4le abyssal, pr\u00e9sent\u00e9e ici ouvre la voie \u00e0 une toute nouvelle exp\u00e9rience pour les joueurs, une aventure in\u00e9dite \u00e0 mi-chemin entre le sc\u00e9nario traditionnel de jeu de r\u00f4le, et la gestion d\u2019infrastructures et de populations comme le proposent certains jeux de soci\u00e9t\u00e9. Les joueurs vont incarner des personnages puissants par leur statut d\u2019h\u00e9ritier et non par le biais de leurs caract\u00e9ristiques ou du nombre de produits g\u00e9n\u00e9tiques dans leur corps. Confront\u00e9s \u00e0 des choix difficiles, le doute et la peur les submergeront-ils ? Seront-ils de Grands Hommes, plein de bont\u00e9 et de sagesse ? O\u00f9 seront-ils les pires des tyrans ? Seul l\u2019avenir nous le dira\u2026<\/p>\n<p><strong>Ce suppl\u00e9ment se compose :<\/strong><\/p>\n<p><strong>&#8211; Cr\u00e9ation des personnages :<\/strong> les princes et princesses h\u00e9ritiers de l\u2019amiral Sergue\u00ef Andropov, h\u00e9ros de la Guerre des profondeurs.<br \/>\n<strong>&#8211; Contexte :<\/strong> histoire de la famille Andropov, arbre g\u00e9n\u00e9alogique, plan de l\u2019\u00eele, du palais de jade, nouvelle&#8230;<\/p>\n<p><strong>&#8211; Campagne :<\/strong> en cinq actes, jusqu\u2019\u00e0 une conclusion historique !<br \/>\n<strong>&#8211; Sc\u00e9narios :<\/strong> d\u2019introduction, de milieu et fin de campagne, ainsi que de nombreux synopsis.<br \/>\n<strong>&#8211; Aides de jeu :<\/strong> le cadre de jeu et les batailles navales.<\/p>\n<p><strong>Note :<\/strong> <em>concernant les illustrations,<\/em> <em><strong>une bonne partie est r\u00e9alis\u00e9e par des IA<\/strong>.<br \/>\n<\/em><\/p>\n","protected":false},"excerpt":{"rendered":"<p>Pdf suppl\u00e9ment Aventures T1 + P&amp;P 2 + Nouvelle<\/p>\n","protected":false},"featured_media":414,"comment_status":"closed","ping_status":"closed","template":"","meta":{"_bbp_topic_count":0,"_bbp_reply_count":0,"_bbp_total_topic_count":0,"_bbp_total_reply_count":0,"_bbp_voice_count":0,"_bbp_anonymous_reply_count":0,"_bbp_topic_count_hidden":0,"_bbp_reply_count_hidden":0,"_bbp_forum_subforum_count":0},"product_brand":[],"product_cat":[19],"product_tag":[],"class_list":{"0":"post-413","1":"product","2":"type-product","3":"status-publish","4":"has-post-thumbnail","6":"product_cat-subabysse","8":"first","9":"instock","10":"downloadable","11":"virtual","12":"purchasable","13":"product-type-simple"},"jetpack_sharing_enabled":true,"_links":{"self":[{"href":"https:\/\/napalm-editions.fr\/index.php?rest_route=\/wp\/v2\/product\/413","targetHints":{"allow":["GET"]}}],"collection":[{"href":"https:\/\/napalm-editions.fr\/index.php?rest_route=\/wp\/v2\/product"}],"about":[{"href":"https:\/\/napalm-editions.fr\/index.php?rest_route=\/wp\/v2\/types\/product"}],"replies":[{"embeddable":true,"href":"https:\/\/napalm-editions.fr\/index.php?rest_route=%2Fwp%2Fv2%2Fcomments&post=413"}],"wp:featuredmedia":[{"embeddable":true,"href":"https:\/\/napalm-editions.fr\/index.php?rest_route=\/wp\/v2\/media\/414"}],"wp:attachment":[{"href":"https:\/\/napalm-editions.fr\/index.php?rest_route=%2Fwp%2Fv2%2Fmedia&parent=413"}],"wp:term":[{"taxonomy":"product_brand","embeddable":true,"href":"https:\/\/napalm-editions.fr\/index.php?rest_route=%2Fwp%2Fv2%2Fproduct_brand&post=413"},{"taxonomy":"product_cat","embeddable":true,"href":"https:\/\/napalm-editions.fr\/index.php?rest_route=%2Fwp%2Fv2%2Fproduct_cat&post=413"},{"taxonomy":"product_tag","embeddable":true,"href":"https:\/\/napalm-editions.fr\/index.php?rest_route=%2Fwp%2Fv2%2Fproduct_tag&post=413"}],"curies":[{"name":"wp","href":"https:\/\/api.w.org\/{rel}","templated":true}]}}