{"id":116,"date":"2024-10-17T16:30:44","date_gmt":"2024-10-17T14:30:44","guid":{"rendered":"http:\/\/napalm-editions.fr\/?post_type=product&#038;p=116"},"modified":"2024-10-17T16:31:06","modified_gmt":"2024-10-17T14:31:06","slug":"stella-taurus","status":"publish","type":"product","link":"https:\/\/napalm-editions.fr\/?product=stella-taurus","title":{"rendered":"Stella Taurus"},"content":{"rendered":"<p><strong>Stella Taurus<\/strong> repr\u00e9sente le dernier espoir d\u2019une civilisation, d\u2019un peuple et d\u2019une plan\u00e8te \u00e0 l\u2019agonie. Un lointain syst\u00e8me solaire abrite au moins une exoplan\u00e8te pouvant accueillir la vie : <em>Taurus beta<\/em>. L\u2019humanit\u00e9 se meurt sur une Terre surpeupl\u00e9e o\u00f9 le d\u00e9r\u00e8glement climatique ainsi que les pollutions font vivres \u00e0 tous les \u00eatres encore vivants un v\u00e9ritable enfer. De ce constat, une arche a \u00e9t\u00e9 construite et lanc\u00e9e vers cette nouvelle Terre, pleine de promesses. C\u2019est l\u00e0, la toute derni\u00e8re chance de l\u2019humanit\u00e9, car de toute fa\u00e7on, avec ou sans les Hommes, la Terre continuera \u00e0 exister. Une seule question subsiste : est-ce que l\u2019Orion arrivera \u00e0 destination ?<\/p>\n<p>Stella Taurus, le jeu de r\u00f4le, emprunte aux th\u00e8mes de la science-fiction ses lettres de noblesses : exploration spatiale, Terre du futur d\u00e9truite par la folie des humains, colonisation d\u2019une plan\u00e8te extraterrestre, hyper sommeil spatial, IA, \u00eatres artificiels\u2026 L\u2019ambition de ce jeu, comme vous pouvez le deviner, tient en plusieurs points, mais c\u2019est avant tout l\u2019exploration d\u2019une toute nouvelle plan\u00e8te, pleine de dangers et de myst\u00e8res, qui est au c\u0153ur du sujet. Exit la Terre que l\u2019on conna\u00eet, elle ne sera bient\u00f4t plus qu\u2019un immense cimeti\u00e8re pollu\u00e9 \u00e0 ciel ouvert. L\u2019avenir se trouve \u00e0 plus de 90 ann\u00e9es-lumi\u00e8re du foyer des Hommes.<\/p>\n<p>Vous pourrez donc jouer de courageux explorateurs, de valeureux militaires ou de curieux scientifiques en charge d\u2019\u00e9tablir la toute premi\u00e8re colonie extraterrestre de l\u2019histoire. Des missions dangereuses attendent ces premiers colons : le manque de moyens, le tout nouvel environnement, le climat, les b\u00eates\u2026 tout sur Taurus <em>b<\/em> est dangereux. Vos joueurs rel\u00e8veront-ils ce d\u00e9fi ? Seront-ils assez rus\u00e9s ou intr\u00e9pides pour survivre ? Deviendront-ils les nouveaux ma\u00eetres de ce monde ? Toutes les r\u00e9ponses vous attendent plus loin, dans les m\u00e9andres du vaisseau d\u2019exploration Orion, par-del\u00e0 les for\u00eats d\u2019arbres gigantesques et les oc\u00e9ans insondables de Stella Taurus.<\/p>\n<p><strong>Note :<\/strong> concernant les illustrations, <strong>une grande majorit\u00e9 sera r\u00e9alis\u00e9e par des IA<\/strong>. Ce choix est assum\u00e9 et n&rsquo;est pas soumis \u00e0 d\u00e9bat. Je suis au courant des discussions, sans fin, sur ce sujet. C&rsquo;est avant tout un choix financier qui me fait choisir cette solution. Je n&rsquo;ai rien contre les illustrateurs pro, j&rsquo;en ai fais travaill\u00e9 beaucoup pour Subabysse. Si ce pledge atteint des sommes folles, \u00e0 6 chiffres, par exemple, je passerai exclusivement par des professionnels. Mais, n&rsquo;en \u00e9tant pas l\u00e0, et voulant \u00e9quilibrer les comptes (ce qui n&rsquo;a pas \u00e9t\u00e9 le cas pour Subabysse, toujours d\u00e9ficitaire), je n&rsquo;ai pas d&rsquo;autre solution. Je me doute que certains n&rsquo;ach\u00e8terons pas ce jeu pour cette raison, ce n&rsquo;est pas un probl\u00e8me. Comme je vous l&rsquo;ai dis, ce choix est assum\u00e9, mais ils se priveront d\u2019un bon jeu.<\/p>\n","protected":false},"excerpt":{"rendered":"<p>Stella Taurus repr\u00e9sente le dernier espoir d\u2019une civilisation, d\u2019un peuple et d\u2019une plan\u00e8te \u00e0 l\u2019agonie. Un lointain syst\u00e8me solaire abrite au moins une exoplan\u00e8te pouvant accueillir la vie : Taurus&hellip;<\/p>\n","protected":false},"featured_media":132,"comment_status":"closed","ping_status":"closed","template":"","meta":{"_bbp_topic_count":0,"_bbp_reply_count":0,"_bbp_total_topic_count":0,"_bbp_total_reply_count":0,"_bbp_voice_count":0,"_bbp_anonymous_reply_count":0,"_bbp_topic_count_hidden":0,"_bbp_reply_count_hidden":0,"_bbp_forum_subforum_count":0},"product_brand":[],"product_cat":[20],"product_tag":[],"class_list":{"0":"post-116","1":"product","2":"type-product","3":"status-publish","4":"has-post-thumbnail","6":"product_cat-stella-taurus","8":"first","9":"outofstock","10":"shipping-taxable","11":"purchasable","12":"product-type-simple"},"jetpack_sharing_enabled":true,"_links":{"self":[{"href":"https:\/\/napalm-editions.fr\/index.php?rest_route=\/wp\/v2\/product\/116","targetHints":{"allow":["GET"]}}],"collection":[{"href":"https:\/\/napalm-editions.fr\/index.php?rest_route=\/wp\/v2\/product"}],"about":[{"href":"https:\/\/napalm-editions.fr\/index.php?rest_route=\/wp\/v2\/types\/product"}],"replies":[{"embeddable":true,"href":"https:\/\/napalm-editions.fr\/index.php?rest_route=%2Fwp%2Fv2%2Fcomments&post=116"}],"wp:featuredmedia":[{"embeddable":true,"href":"https:\/\/napalm-editions.fr\/index.php?rest_route=\/wp\/v2\/media\/132"}],"wp:attachment":[{"href":"https:\/\/napalm-editions.fr\/index.php?rest_route=%2Fwp%2Fv2%2Fmedia&parent=116"}],"wp:term":[{"taxonomy":"product_brand","embeddable":true,"href":"https:\/\/napalm-editions.fr\/index.php?rest_route=%2Fwp%2Fv2%2Fproduct_brand&post=116"},{"taxonomy":"product_cat","embeddable":true,"href":"https:\/\/napalm-editions.fr\/index.php?rest_route=%2Fwp%2Fv2%2Fproduct_cat&post=116"},{"taxonomy":"product_tag","embeddable":true,"href":"https:\/\/napalm-editions.fr\/index.php?rest_route=%2Fwp%2Fv2%2Fproduct_tag&post=116"}],"curies":[{"name":"wp","href":"https:\/\/api.w.org\/{rel}","templated":true}]}}