{"id":113,"date":"2024-10-17T16:30:43","date_gmt":"2024-10-17T14:30:43","guid":{"rendered":"http:\/\/napalm-editions.fr\/?post_type=product&#038;p=113"},"modified":"2024-12-16T12:10:02","modified_gmt":"2024-12-16T11:10:02","slug":"supplement-lancienne-atlantide-pdf","status":"publish","type":"product","link":"https:\/\/napalm-editions.fr\/?product=supplement-lancienne-atlantide-pdf","title":{"rendered":"Suppl\u00e9ment : l&rsquo;Ancienne Atlantide Pdf"},"content":{"rendered":"<p><img fetchpriority=\"high\" decoding=\"async\" class=\"alignnone wp-image-1416 size-medium\" src=\"https:\/\/subabysse.fr\/wp-content\/uploads\/2023\/05\/Visuel_AA_827_pdf2-264x300.jpg\" alt=\"\" width=\"264\" height=\"300\" \/><\/p>\n<p>Ce suppl\u00e9ment de contexte pour Subabysse, le jeu de r\u00f4le abyssal, d\u00e9peint une civilisation aujourd\u2019hui disparue : L\u2019Ancienne Atlantide. Comme pr\u00e9sent\u00e9e dans le Livre de base, ce peuple colonisa la Terre il y a plus de 200 000 ans, alors que les Hommes n\u2019\u00e9taient encore que des singes, bien loin de devenir les futurs ma\u00eetres de ce monde. Leur technologie futuriste, permettait de construire des vaisseaux capables de parcourir les galaxies ou de ressusciter les morts, laissa ses traces au fil des si\u00e8cles sur notre plan\u00e8te. Pour finalement, dispara\u00eetre myst\u00e9rieusement en une seule nuit. Du moins, c\u2019est ce que dirent les philosophes grecques de l\u2019\u00e9poque. \u00c0 pr\u00e9sent, que reste t-il de cet empire des merveilles ? Sous des milliers de brasses d\u2019eau, apr\u00e8s la fin du monde, existe t-il toujours des survivants ? Se cachent-ils \u00e0 travers les soci\u00e9t\u00e9s humaines ? Sorte de grands anciens immortels aux \u00e9tranges facult\u00e9s&#8230; pr\u00e9parant leur grand retour ? Tout vous sera r\u00e9v\u00e9ler dans cet ouvrage.<\/p>\n<p>Ce suppl\u00e9ment se compose :<\/p>\n<p><strong>&#8211; Chapitre 1 :<\/strong> L\u2019histoire (l\u2019exil, l\u2019arriv\u00e9e sur Terre, les nations atlantes, la guerre fratricide, la technologie).<br \/>\n<strong>&#8211; Chapitre 2 :<\/strong> La Viscience (leur g\u00e9n\u00e9tique, produits et autres sp\u00e9cificit\u00e9s).<br \/>\n<strong>&#8211; Chapitre 3 :<\/strong> Les sc\u00e9narii (Dans les bras de Morph\u00e9e, La Noix Pourpre et Magenta, Le sang de la mer et Midiane). Et une campagne enti\u00e8re et un nouveau cadre de jeu, \u00ab\u00a0La Ruche\u00a0\u00bb.<br \/>\n<strong>&#8211; Chapitre 4 :<\/strong> aides de jeu de la campagne \u00ab\u00a0La Ruche\u00a0\u00bb.<\/p>\n<p><strong>+<\/strong> <strong>Le Pdf de<\/strong> <strong>son<\/strong> <strong>paravent rigide couleurs 3 x A4 au format paysage<\/strong> regroupant les principaux tableaux pour l&rsquo;aide \u00e0 la ma\u00eetrise du jeu, dont de nombreuses aides de jeu propre au cadre de l&rsquo;Ancienne Atlantide.<\/p>\n<p><strong>+ Le Pdf du livret couleur A4 accompagnant le paravent<\/strong>, couverture souple de 16 pages, contenant des aides de jeu : armes et technologies atlantes, cr\u00e9ation de personnages atlantes, nouvelles professions atlantes&#8230;<\/p>\n<p>NB : fichiers regroup\u00e9s en format .Zip (Winzip est un logiciel gratuit).<\/p>\n","protected":false},"excerpt":{"rendered":"<p>Pdf suppl\u00e9ment Ancienne Atlantide + Paravent + P&amp;P AA + Fiches<\/p>\n","protected":false},"featured_media":127,"comment_status":"closed","ping_status":"closed","template":"","meta":{"_bbp_topic_count":0,"_bbp_reply_count":0,"_bbp_total_topic_count":0,"_bbp_total_reply_count":0,"_bbp_voice_count":0,"_bbp_anonymous_reply_count":0,"_bbp_topic_count_hidden":0,"_bbp_reply_count_hidden":0,"_bbp_forum_subforum_count":0},"product_brand":[],"product_cat":[19],"product_tag":[],"class_list":{"0":"post-113","1":"product","2":"type-product","3":"status-publish","4":"has-post-thumbnail","6":"product_cat-subabysse","8":"first","9":"instock","10":"downloadable","11":"virtual","12":"purchasable","13":"product-type-simple"},"jetpack_sharing_enabled":true,"_links":{"self":[{"href":"https:\/\/napalm-editions.fr\/index.php?rest_route=\/wp\/v2\/product\/113","targetHints":{"allow":["GET"]}}],"collection":[{"href":"https:\/\/napalm-editions.fr\/index.php?rest_route=\/wp\/v2\/product"}],"about":[{"href":"https:\/\/napalm-editions.fr\/index.php?rest_route=\/wp\/v2\/types\/product"}],"replies":[{"embeddable":true,"href":"https:\/\/napalm-editions.fr\/index.php?rest_route=%2Fwp%2Fv2%2Fcomments&post=113"}],"wp:featuredmedia":[{"embeddable":true,"href":"https:\/\/napalm-editions.fr\/index.php?rest_route=\/wp\/v2\/media\/127"}],"wp:attachment":[{"href":"https:\/\/napalm-editions.fr\/index.php?rest_route=%2Fwp%2Fv2%2Fmedia&parent=113"}],"wp:term":[{"taxonomy":"product_brand","embeddable":true,"href":"https:\/\/napalm-editions.fr\/index.php?rest_route=%2Fwp%2Fv2%2Fproduct_brand&post=113"},{"taxonomy":"product_cat","embeddable":true,"href":"https:\/\/napalm-editions.fr\/index.php?rest_route=%2Fwp%2Fv2%2Fproduct_cat&post=113"},{"taxonomy":"product_tag","embeddable":true,"href":"https:\/\/napalm-editions.fr\/index.php?rest_route=%2Fwp%2Fv2%2Fproduct_tag&post=113"}],"curies":[{"name":"wp","href":"https:\/\/api.w.org\/{rel}","templated":true}]}}