{"id":111,"date":"2024-10-17T16:30:43","date_gmt":"2024-10-17T14:30:43","guid":{"rendered":"http:\/\/napalm-editions.fr\/?post_type=product&#038;p=111"},"modified":"2024-10-17T16:31:01","modified_gmt":"2024-10-17T14:31:01","slug":"supplement-aventures-tome-1","status":"publish","type":"product","link":"https:\/\/napalm-editions.fr\/?product=supplement-aventures-tome-1","title":{"rendered":"Suppl\u00e9ment : Aventures tome 1"},"content":{"rendered":"<p>&nbsp;<\/p>\n<p><strong><img fetchpriority=\"high\" decoding=\"async\" class=\"alignnone wp-image-1257\" src=\"https:\/\/subabysse.fr\/wp-content\/uploads\/2021\/11\/Sub_Aventures1-274x300.png\" alt=\"\" width=\"227\" height=\"249\" \/> <img decoding=\"async\" class=\"alignnone wp-image-958\" src=\"https:\/\/subabysse.fr\/wp-content\/uploads\/2021\/02\/PP2-300x258.jpg\" alt=\"\" width=\"218\" height=\"188\" \/> <img decoding=\"async\" class=\"alignnone wp-image-956\" src=\"https:\/\/subabysse.fr\/wp-content\/uploads\/2021\/02\/nouvelle-tueurs-sf-300x287.jpg\" alt=\"\" width=\"245\" height=\"234\" \/><\/strong><\/p>\n<p><strong>Premier recueil de Sc\u00e9narii intitul\u00e9 : Aventures tome 1.<\/strong> Dix histoires compil\u00e9es d\u00e9j\u00e0 parues, soit dans la pr\u00e9c\u00e9dente \u00e9dition du livre de base et soit dans les kits de d\u2019initiation. Le suppl\u00e9ment fait 68 pages mises en page avec la nouvelle maquette et \u00e0 jour des nouvelles r\u00e8gles de l\u2019\u00e9dition \u00ab 30<sup>e<\/sup> anniversaire \u00bb, plus de nouveaux plans et de nouvelles illustrations. Couverture souple.<strong><br \/>\n<\/strong><\/p>\n<p><strong>+ Son Plug &amp; play 2 :<\/strong> un livret couleur A4 \u00e0 couverture souple de 16 pages, contenant des aides de jeu : cr\u00e9ation d&rsquo;humains artificiels d\u00e9taill\u00e9e, nouveaux produits g\u00e9n\u00e9tiques et le relationnel (avec ses fiches PJ\/MJ). La fiche de relationnel PJ est \u00e9galement pr\u00e9sente \u00e0 fin des dossiers personnages H&amp;F. Couverture souple.<\/p>\n<p><strong>+ Sa Nouvelle : Tueurs aux sang froid.<\/strong> Ce premier r\u00e9cit, \u00e9crit par Christel Bourget, retranscrit les \u00e9v\u00e9nements d\u00e9crits dans le sc\u00e9nario \u00e9ponyme au titre (qui sera dans la future campagne \u00ab\u00a0Toulga, perle de l&rsquo;oc\u00e9an\u00a0\u00bb). Il se pr\u00e9sente sous la forme d\u2019un livret illustr\u00e9 de 20 pages couleurs, couverture souple.<\/p>\n","protected":false},"excerpt":{"rendered":"<p>Subabysse, suppl\u00e9ment Aventure tome 1.<\/p>\n","protected":false},"featured_media":124,"comment_status":"closed","ping_status":"closed","template":"","meta":{"_bbp_topic_count":0,"_bbp_reply_count":0,"_bbp_total_topic_count":0,"_bbp_total_reply_count":0,"_bbp_voice_count":0,"_bbp_anonymous_reply_count":0,"_bbp_topic_count_hidden":0,"_bbp_reply_count_hidden":0,"_bbp_forum_subforum_count":0},"product_brand":[],"product_cat":[19],"product_tag":[],"class_list":{"0":"post-111","1":"product","2":"type-product","3":"status-publish","4":"has-post-thumbnail","6":"product_cat-subabysse","8":"first","9":"instock","10":"shipping-taxable","11":"purchasable","12":"product-type-simple"},"jetpack_sharing_enabled":true,"_links":{"self":[{"href":"https:\/\/napalm-editions.fr\/index.php?rest_route=\/wp\/v2\/product\/111","targetHints":{"allow":["GET"]}}],"collection":[{"href":"https:\/\/napalm-editions.fr\/index.php?rest_route=\/wp\/v2\/product"}],"about":[{"href":"https:\/\/napalm-editions.fr\/index.php?rest_route=\/wp\/v2\/types\/product"}],"replies":[{"embeddable":true,"href":"https:\/\/napalm-editions.fr\/index.php?rest_route=%2Fwp%2Fv2%2Fcomments&post=111"}],"wp:featuredmedia":[{"embeddable":true,"href":"https:\/\/napalm-editions.fr\/index.php?rest_route=\/wp\/v2\/media\/124"}],"wp:attachment":[{"href":"https:\/\/napalm-editions.fr\/index.php?rest_route=%2Fwp%2Fv2%2Fmedia&parent=111"}],"wp:term":[{"taxonomy":"product_brand","embeddable":true,"href":"https:\/\/napalm-editions.fr\/index.php?rest_route=%2Fwp%2Fv2%2Fproduct_brand&post=111"},{"taxonomy":"product_cat","embeddable":true,"href":"https:\/\/napalm-editions.fr\/index.php?rest_route=%2Fwp%2Fv2%2Fproduct_cat&post=111"},{"taxonomy":"product_tag","embeddable":true,"href":"https:\/\/napalm-editions.fr\/index.php?rest_route=%2Fwp%2Fv2%2Fproduct_tag&post=111"}],"curies":[{"name":"wp","href":"https:\/\/api.w.org\/{rel}","templated":true}]}}