{"id":107,"date":"2024-10-17T16:30:42","date_gmt":"2024-10-17T14:30:42","guid":{"rendered":"http:\/\/napalm-editions.fr\/?post_type=product&#038;p=107"},"modified":"2024-10-17T16:30:49","modified_gmt":"2024-10-17T14:30:49","slug":"dossier-de-personnage-homme","status":"publish","type":"product","link":"https:\/\/napalm-editions.fr\/?product=dossier-de-personnage-homme","title":{"rendered":"Dossier de personnage Homme"},"content":{"rendered":"<p><img fetchpriority=\"high\" decoding=\"async\" class=\"alignnone size-medium wp-image-952\" src=\"http:\/\/subabysse.fr\/wp-content\/uploads\/2021\/02\/dossier-personnage-H-300x202.jpg\" alt=\"\" width=\"300\" height=\"202\" \/><\/p>\n<p><strong>Le Dossier de personnage<\/strong> contient :<\/p>\n<ul>\n<li>une <strong>fiche de personnage ultra d\u00e9taill\u00e9e<\/strong> (historique du personnage, profil complet pour une utilisation optimale, \u00e9quipement, produits g\u00e9n\u00e9tiques, mutants, armes, fiche d&rsquo;exp\u00e9rience++, fiche relationnelle, famille&#8230;),<\/li>\n<li>les <strong>tables de jeu utiles au joueur <\/strong>(tables des succ\u00e8s, Perles du destin, l&rsquo;\u00e9chelle relationnelle, le niveau affectif&#8230;).<\/li>\n<li>se compose de 12 pages couleurs A4, couverture \u00e9paisse, int\u00e9rieur papier \u00e9pais pour le confort d&rsquo;\u00e9criture.<\/li>\n<li>Deux emplacements de pr\u00e9vus pour l\u2019illustration du personnage (format pleine page et portrait).<\/li>\n<li><strong>vendu \u00e0 l&rsquo;unit\u00e9<\/strong> avec deux types de couverture disponibles (pour les personnages Homme ou Femme).<\/li>\n<\/ul>\n<p>&nbsp;<\/p>\n","protected":false},"excerpt":{"rendered":"<p>Subabysse, dossier personnage Homme, 12 pages couleurs.<\/p>\n","protected":false},"featured_media":120,"comment_status":"closed","ping_status":"closed","template":"","meta":{"_bbp_topic_count":0,"_bbp_reply_count":0,"_bbp_total_topic_count":0,"_bbp_total_reply_count":0,"_bbp_voice_count":0,"_bbp_anonymous_reply_count":0,"_bbp_topic_count_hidden":0,"_bbp_reply_count_hidden":0,"_bbp_forum_subforum_count":0},"product_brand":[],"product_cat":[19],"product_tag":[],"class_list":{"0":"post-107","1":"product","2":"type-product","3":"status-publish","4":"has-post-thumbnail","6":"product_cat-subabysse","8":"first","9":"outofstock","10":"shipping-taxable","11":"purchasable","12":"product-type-simple"},"jetpack_sharing_enabled":true,"_links":{"self":[{"href":"https:\/\/napalm-editions.fr\/index.php?rest_route=\/wp\/v2\/product\/107","targetHints":{"allow":["GET"]}}],"collection":[{"href":"https:\/\/napalm-editions.fr\/index.php?rest_route=\/wp\/v2\/product"}],"about":[{"href":"https:\/\/napalm-editions.fr\/index.php?rest_route=\/wp\/v2\/types\/product"}],"replies":[{"embeddable":true,"href":"https:\/\/napalm-editions.fr\/index.php?rest_route=%2Fwp%2Fv2%2Fcomments&post=107"}],"wp:featuredmedia":[{"embeddable":true,"href":"https:\/\/napalm-editions.fr\/index.php?rest_route=\/wp\/v2\/media\/120"}],"wp:attachment":[{"href":"https:\/\/napalm-editions.fr\/index.php?rest_route=%2Fwp%2Fv2%2Fmedia&parent=107"}],"wp:term":[{"taxonomy":"product_brand","embeddable":true,"href":"https:\/\/napalm-editions.fr\/index.php?rest_route=%2Fwp%2Fv2%2Fproduct_brand&post=107"},{"taxonomy":"product_cat","embeddable":true,"href":"https:\/\/napalm-editions.fr\/index.php?rest_route=%2Fwp%2Fv2%2Fproduct_cat&post=107"},{"taxonomy":"product_tag","embeddable":true,"href":"https:\/\/napalm-editions.fr\/index.php?rest_route=%2Fwp%2Fv2%2Fproduct_tag&post=107"}],"curies":[{"name":"wp","href":"https:\/\/api.w.org\/{rel}","templated":true}]}}