{"id":2,"date":"2024-10-14T16:31:12","date_gmt":"2024-10-14T14:31:12","guid":{"rendered":"http:\/\/napalm-editions.fr\/?page_id=2"},"modified":"2024-11-07T16:19:28","modified_gmt":"2024-11-07T15:19:28","slug":"page-d-exemple","status":"publish","type":"page","link":"https:\/\/napalm-editions.fr\/?page_id=2","title":{"rendered":"T\u00e9l\u00e9chargements"},"content":{"rendered":"\t\t<div data-elementor-type=\"wp-page\" data-elementor-id=\"2\" class=\"elementor elementor-2\">\n\t\t\t\t<div class=\"elementor-element elementor-element-a56a99a e-flex e-con-boxed e-con e-parent\" data-id=\"a56a99a\" data-element_type=\"container\" data-e-type=\"container\">\n\t\t\t\t\t<div class=\"e-con-inner\">\n\t\t\t\t<div class=\"elementor-element elementor-element-58b9c33 elementor-widget-divider--view-line elementor-widget elementor-widget-divider\" data-id=\"58b9c33\" data-element_type=\"widget\" data-e-type=\"widget\" data-widget_type=\"divider.default\">\n\t\t\t\t<div class=\"elementor-widget-container\">\n\t\t\t\t\t\t\t<div class=\"elementor-divider\">\n\t\t\t<span class=\"elementor-divider-separator\">\n\t\t\t\t\t\t<\/span>\n\t\t<\/div>\n\t\t\t\t\t\t<\/div>\n\t\t\t\t<\/div>\n\t\t\t\t\t<\/div>\n\t\t\t\t<\/div>\n\t\t<div class=\"elementor-element elementor-element-09c854a e-flex e-con-boxed e-con e-parent\" data-id=\"09c854a\" data-element_type=\"container\" data-e-type=\"container\">\n\t\t\t\t\t<div class=\"e-con-inner\">\n\t\t\t\t<div class=\"elementor-element elementor-element-e9390ef elementor-widget elementor-widget-image\" data-id=\"e9390ef\" data-element_type=\"widget\" data-e-type=\"widget\" data-widget_type=\"image.default\">\n\t\t\t\t<div class=\"elementor-widget-container\">\n\t\t\t\t\t\t\t\t\t\t\t\t\t\t\t<img fetchpriority=\"high\" decoding=\"async\" width=\"1024\" height=\"492\" src=\"https:\/\/napalm-editions.fr\/wp-content\/uploads\/2024\/11\/Logo-subabysse-contours-et-nom-1024x492.png\" class=\"attachment-large size-large wp-image-285\" alt=\"\" srcset=\"https:\/\/napalm-editions.fr\/wp-content\/uploads\/2024\/11\/Logo-subabysse-contours-et-nom-1024x492.png 1024w, https:\/\/napalm-editions.fr\/wp-content\/uploads\/2024\/11\/Logo-subabysse-contours-et-nom-300x144.png 300w, https:\/\/napalm-editions.fr\/wp-content\/uploads\/2024\/11\/Logo-subabysse-contours-et-nom-768x369.png 768w, https:\/\/napalm-editions.fr\/wp-content\/uploads\/2024\/11\/Logo-subabysse-contours-et-nom-1536x739.png 1536w, https:\/\/napalm-editions.fr\/wp-content\/uploads\/2024\/11\/Logo-subabysse-contours-et-nom-2048x985.png 2048w, https:\/\/napalm-editions.fr\/wp-content\/uploads\/2024\/11\/Logo-subabysse-contours-et-nom-600x289.png 600w\" sizes=\"(max-width: 1024px) 100vw, 1024px\" \/>\t\t\t\t\t\t\t\t\t\t\t\t\t\t\t<\/div>\n\t\t\t\t<\/div>\n\t\t\t\t\t<\/div>\n\t\t\t\t<\/div>\n\t\t<div class=\"elementor-element elementor-element-0fd8e8b e-grid e-con-boxed e-con e-parent\" data-id=\"0fd8e8b\" data-element_type=\"container\" data-e-type=\"container\">\n\t\t\t\t\t<div class=\"e-con-inner\">\n\t\t\t\t<div class=\"elementor-element elementor-element-6f53d9c elementor-widget elementor-widget-image\" data-id=\"6f53d9c\" data-element_type=\"widget\" data-e-type=\"widget\" data-widget_type=\"image.default\">\n\t\t\t\t<div class=\"elementor-widget-container\">\n\t\t\t\t\t\t\t\t\t\t\t\t<figure class=\"wp-caption\">\n\t\t\t\t\t\t\t\t\t\t\t<a href=\"https:\/\/napalm-editions.fr\/wp-content\/uploads\/2024\/11\/Calendrier-scaled-1.jpg\">\n\t\t\t\t\t\t\t<img decoding=\"async\" width=\"1024\" height=\"724\" src=\"https:\/\/napalm-editions.fr\/wp-content\/uploads\/2024\/11\/Calendrier-scaled-1-1024x724.jpg\" class=\"attachment-large size-large wp-image-274\" alt=\"\" srcset=\"https:\/\/napalm-editions.fr\/wp-content\/uploads\/2024\/11\/Calendrier-scaled-1-1024x724.jpg 1024w, https:\/\/napalm-editions.fr\/wp-content\/uploads\/2024\/11\/Calendrier-scaled-1-300x212.jpg 300w, https:\/\/napalm-editions.fr\/wp-content\/uploads\/2024\/11\/Calendrier-scaled-1-768x543.jpg 768w, https:\/\/napalm-editions.fr\/wp-content\/uploads\/2024\/11\/Calendrier-scaled-1-1536x1086.jpg 1536w, https:\/\/napalm-editions.fr\/wp-content\/uploads\/2024\/11\/Calendrier-scaled-1-2048x1448.jpg 2048w, https:\/\/napalm-editions.fr\/wp-content\/uploads\/2024\/11\/Calendrier-scaled-1-600x424.jpg 600w\" sizes=\"(max-width: 1024px) 100vw, 1024px\" \/>\t\t\t\t\t\t\t\t<\/a>\n\t\t\t\t\t\t\t\t\t\t\t<figcaption class=\"widget-image-caption wp-caption-text\">Calendrier m\u00e9rium 324-1<\/figcaption>\n\t\t\t\t\t\t\t\t\t\t<\/figure>\n\t\t\t\t\t\t\t\t\t<\/div>\n\t\t\t\t<\/div>\n\t\t\t\t<div class=\"elementor-element elementor-element-0375d3e elementor-widget elementor-widget-image\" data-id=\"0375d3e\" data-element_type=\"widget\" data-e-type=\"widget\" data-widget_type=\"image.default\">\n\t\t\t\t<div class=\"elementor-widget-container\">\n\t\t\t\t\t\t\t\t\t\t\t\t<figure class=\"wp-caption\">\n\t\t\t\t\t\t\t\t\t\t\t<a href=\"https:\/\/napalm-editions.fr\/wp-content\/uploads\/2024\/11\/CalendrierV2-scaled-1.jpg\">\n\t\t\t\t\t\t\t<img decoding=\"async\" width=\"1024\" height=\"724\" src=\"https:\/\/napalm-editions.fr\/wp-content\/uploads\/2024\/11\/CalendrierV2-scaled-1-1024x724.jpg\" class=\"attachment-large size-large wp-image-275\" alt=\"\" srcset=\"https:\/\/napalm-editions.fr\/wp-content\/uploads\/2024\/11\/CalendrierV2-scaled-1-1024x724.jpg 1024w, https:\/\/napalm-editions.fr\/wp-content\/uploads\/2024\/11\/CalendrierV2-scaled-1-300x212.jpg 300w, https:\/\/napalm-editions.fr\/wp-content\/uploads\/2024\/11\/CalendrierV2-scaled-1-768x543.jpg 768w, https:\/\/napalm-editions.fr\/wp-content\/uploads\/2024\/11\/CalendrierV2-scaled-1-1536x1086.jpg 1536w, https:\/\/napalm-editions.fr\/wp-content\/uploads\/2024\/11\/CalendrierV2-scaled-1-2048x1448.jpg 2048w, https:\/\/napalm-editions.fr\/wp-content\/uploads\/2024\/11\/CalendrierV2-scaled-1-600x424.jpg 600w\" sizes=\"(max-width: 1024px) 100vw, 1024px\" \/>\t\t\t\t\t\t\t\t<\/a>\n\t\t\t\t\t\t\t\t\t\t\t<figcaption class=\"widget-image-caption wp-caption-text\">Calendrier m\u00e9rium 324-2<\/figcaption>\n\t\t\t\t\t\t\t\t\t\t<\/figure>\n\t\t\t\t\t\t\t\t\t<\/div>\n\t\t\t\t<\/div>\n\t\t\t\t<div class=\"elementor-element elementor-element-9b9facd elementor-widget elementor-widget-image\" data-id=\"9b9facd\" data-element_type=\"widget\" data-e-type=\"widget\" data-widget_type=\"image.default\">\n\t\t\t\t<div class=\"elementor-widget-container\">\n\t\t\t\t\t\t\t\t\t\t\t\t<figure class=\"wp-caption\">\n\t\t\t\t\t\t\t\t\t\t\t<a href=\"https:\/\/napalm-editions.fr\/wp-content\/uploads\/2024\/11\/CalendrierV3-scaled-1.jpg\">\n\t\t\t\t\t\t\t<img loading=\"lazy\" decoding=\"async\" width=\"1024\" height=\"724\" src=\"https:\/\/napalm-editions.fr\/wp-content\/uploads\/2024\/11\/CalendrierV3-scaled-1-1024x724.jpg\" class=\"attachment-large size-large wp-image-276\" alt=\"\" srcset=\"https:\/\/napalm-editions.fr\/wp-content\/uploads\/2024\/11\/CalendrierV3-scaled-1-1024x724.jpg 1024w, https:\/\/napalm-editions.fr\/wp-content\/uploads\/2024\/11\/CalendrierV3-scaled-1-300x212.jpg 300w, https:\/\/napalm-editions.fr\/wp-content\/uploads\/2024\/11\/CalendrierV3-scaled-1-768x543.jpg 768w, https:\/\/napalm-editions.fr\/wp-content\/uploads\/2024\/11\/CalendrierV3-scaled-1-1536x1086.jpg 1536w, https:\/\/napalm-editions.fr\/wp-content\/uploads\/2024\/11\/CalendrierV3-scaled-1-2048x1448.jpg 2048w, https:\/\/napalm-editions.fr\/wp-content\/uploads\/2024\/11\/CalendrierV3-scaled-1-600x424.jpg 600w\" sizes=\"(max-width: 1024px) 100vw, 1024px\" \/>\t\t\t\t\t\t\t\t<\/a>\n\t\t\t\t\t\t\t\t\t\t\t<figcaption class=\"widget-image-caption wp-caption-text\">Calendrier m\u00e9rium 324-3<\/figcaption>\n\t\t\t\t\t\t\t\t\t\t<\/figure>\n\t\t\t\t\t\t\t\t\t<\/div>\n\t\t\t\t<\/div>\n\t\t\t\t<div class=\"elementor-element elementor-element-be5dc81 elementor-widget elementor-widget-image\" data-id=\"be5dc81\" data-element_type=\"widget\" data-e-type=\"widget\" data-widget_type=\"image.default\">\n\t\t\t\t<div class=\"elementor-widget-container\">\n\t\t\t\t\t\t\t\t\t\t\t\t<figure class=\"wp-caption\">\n\t\t\t\t\t\t\t\t\t\t\t<a href=\"https:\/\/napalm-editions.fr\/wp-content\/uploads\/2024\/11\/Fiche-Subabysse.pdf\">\n\t\t\t\t\t\t\t<img loading=\"lazy\" decoding=\"async\" width=\"212\" height=\"300\" src=\"https:\/\/napalm-editions.fr\/wp-content\/uploads\/2024\/11\/Fiche1-212x300-1.jpg\" class=\"attachment-large size-large wp-image-287\" alt=\"\" \/>\t\t\t\t\t\t\t\t<\/a>\n\t\t\t\t\t\t\t\t\t\t\t<figcaption class=\"widget-image-caption wp-caption-text\">Fiche vierge bleue<\/figcaption>\n\t\t\t\t\t\t\t\t\t\t<\/figure>\n\t\t\t\t\t\t\t\t\t<\/div>\n\t\t\t\t<\/div>\n\t\t\t\t<div class=\"elementor-element elementor-element-89e0b0b elementor-widget elementor-widget-image\" data-id=\"89e0b0b\" data-element_type=\"widget\" data-e-type=\"widget\" data-widget_type=\"image.default\">\n\t\t\t\t<div class=\"elementor-widget-container\">\n\t\t\t\t\t\t\t\t\t\t\t\t<figure class=\"wp-caption\">\n\t\t\t\t\t\t\t\t\t\t\t<a href=\"https:\/\/napalm-editions.fr\/wp-content\/uploads\/2024\/11\/Fiche_sans_fond.pdf\">\n\t\t\t\t\t\t\t<img loading=\"lazy\" decoding=\"async\" width=\"212\" height=\"300\" src=\"https:\/\/napalm-editions.fr\/wp-content\/uploads\/2024\/11\/Fiche_sans_fond-212x300-1.jpg\" class=\"attachment-large size-large wp-image-286\" alt=\"\" \/>\t\t\t\t\t\t\t\t<\/a>\n\t\t\t\t\t\t\t\t\t\t\t<figcaption class=\"widget-image-caption wp-caption-text\">Fiche vierge sans fond<\/figcaption>\n\t\t\t\t\t\t\t\t\t\t<\/figure>\n\t\t\t\t\t\t\t\t\t<\/div>\n\t\t\t\t<\/div>\n\t\t\t\t<div class=\"elementor-element elementor-element-633ccaf elementor-widget elementor-widget-image\" data-id=\"633ccaf\" data-element_type=\"widget\" data-e-type=\"widget\" data-widget_type=\"image.default\">\n\t\t\t\t<div class=\"elementor-widget-container\">\n\t\t\t\t\t\t\t\t\t\t\t\t<figure class=\"wp-caption\">\n\t\t\t\t\t\t\t\t\t\t\t<a href=\"https:\/\/napalm-editions.fr\/wp-content\/uploads\/2024\/11\/Pretires.pdf\">\n\t\t\t\t\t\t\t<img loading=\"lazy\" decoding=\"async\" width=\"300\" height=\"212\" src=\"https:\/\/napalm-editions.fr\/wp-content\/uploads\/2024\/11\/Maquette-visuel-2-300x212-1.jpg\" class=\"attachment-large size-large wp-image-288\" alt=\"\" \/>\t\t\t\t\t\t\t\t<\/a>\n\t\t\t\t\t\t\t\t\t\t\t<figcaption class=\"widget-image-caption wp-caption-text\">Perso pr\u00e9tir\u00e9s<\/figcaption>\n\t\t\t\t\t\t\t\t\t\t<\/figure>\n\t\t\t\t\t\t\t\t\t<\/div>\n\t\t\t\t<\/div>\n\t\t\t\t\t<\/div>\n\t\t\t\t<\/div>\n\t\t<div class=\"elementor-element elementor-element-3fd1261 e-grid e-con-boxed e-con e-parent\" data-id=\"3fd1261\" data-element_type=\"container\" data-e-type=\"container\">\n\t\t\t\t\t<div class=\"e-con-inner\">\n\t\t\t\t<div class=\"elementor-element elementor-element-02d2db5 elementor-widget elementor-widget-image\" data-id=\"02d2db5\" data-element_type=\"widget\" data-e-type=\"widget\" data-widget_type=\"image.default\">\n\t\t\t\t<div class=\"elementor-widget-container\">\n\t\t\t\t\t\t\t\t\t\t\t\t<figure class=\"wp-caption\">\n\t\t\t\t\t\t\t\t\t\t\t<a href=\"https:\/\/napalm-editions.fr\/wp-content\/uploads\/2024\/11\/SUBABYSSE-2019-carte.pdf\">\n\t\t\t\t\t\t\t<img loading=\"lazy\" decoding=\"async\" width=\"1024\" height=\"723\" src=\"https:\/\/napalm-editions.fr\/wp-content\/uploads\/2024\/10\/Carte_Sub_web_small-1024x723.jpg\" class=\"attachment-large size-large wp-image-195\" alt=\"\" srcset=\"https:\/\/napalm-editions.fr\/wp-content\/uploads\/2024\/10\/Carte_Sub_web_small-1024x723.jpg 1024w, https:\/\/napalm-editions.fr\/wp-content\/uploads\/2024\/10\/Carte_Sub_web_small-300x212.jpg 300w, https:\/\/napalm-editions.fr\/wp-content\/uploads\/2024\/10\/Carte_Sub_web_small-768x542.jpg 768w, https:\/\/napalm-editions.fr\/wp-content\/uploads\/2024\/10\/Carte_Sub_web_small-1536x1085.jpg 1536w, https:\/\/napalm-editions.fr\/wp-content\/uploads\/2024\/10\/Carte_Sub_web_small-600x424.jpg 600w, https:\/\/napalm-editions.fr\/wp-content\/uploads\/2024\/10\/Carte_Sub_web_small.jpg 1590w\" sizes=\"(max-width: 1024px) 100vw, 1024px\" \/>\t\t\t\t\t\t\t\t<\/a>\n\t\t\t\t\t\t\t\t\t\t\t<figcaption class=\"widget-image-caption wp-caption-text\">Carte de Subabysse<\/figcaption>\n\t\t\t\t\t\t\t\t\t\t<\/figure>\n\t\t\t\t\t\t\t\t\t<\/div>\n\t\t\t\t<\/div>\n\t\t\t\t<div class=\"elementor-element elementor-element-1697b05 elementor-widget elementor-widget-image\" data-id=\"1697b05\" data-element_type=\"widget\" data-e-type=\"widget\" data-widget_type=\"image.default\">\n\t\t\t\t<div class=\"elementor-widget-container\">\n\t\t\t\t\t\t\t\t\t\t\t\t<figure class=\"wp-caption\">\n\t\t\t\t\t\t\t\t\t\t\t<a href=\"https:\/\/napalm-editions.fr\/wp-content\/uploads\/2024\/11\/Kit-initiation-Subabysse.pdf\">\n\t\t\t\t\t\t\t<img loading=\"lazy\" decoding=\"async\" width=\"212\" height=\"300\" src=\"https:\/\/napalm-editions.fr\/wp-content\/uploads\/2024\/11\/Kit-dinitiation-212x300-1.jpg\" class=\"attachment-large size-large wp-image-292\" alt=\"\" \/>\t\t\t\t\t\t\t\t<\/a>\n\t\t\t\t\t\t\t\t\t\t\t<figcaption class=\"widget-image-caption wp-caption-text\">Kit d'initiation<\/figcaption>\n\t\t\t\t\t\t\t\t\t\t<\/figure>\n\t\t\t\t\t\t\t\t\t<\/div>\n\t\t\t\t<\/div>\n\t\t\t\t<div class=\"elementor-element elementor-element-e7b8a5b elementor-widget elementor-widget-image\" data-id=\"e7b8a5b\" data-element_type=\"widget\" data-e-type=\"widget\" data-widget_type=\"image.default\">\n\t\t\t\t<div class=\"elementor-widget-container\">\n\t\t\t\t\t\t\t\t\t\t\t\t<figure class=\"wp-caption\">\n\t\t\t\t\t\t\t\t\t\t\t<a href=\"https:\/\/napalm-editions.fr\/wp-content\/uploads\/2024\/11\/Scenario_hit_games.pdf\">\n\t\t\t\t\t\t\t<img loading=\"lazy\" decoding=\"async\" width=\"724\" height=\"1024\" src=\"https:\/\/napalm-editions.fr\/wp-content\/uploads\/2024\/11\/Scenario_hit_games-pdf-2-724x1024.jpg\" class=\"attachment-large size-large wp-image-337\" alt=\"\" srcset=\"https:\/\/napalm-editions.fr\/wp-content\/uploads\/2024\/11\/Scenario_hit_games-pdf-2-724x1024.jpg 724w, https:\/\/napalm-editions.fr\/wp-content\/uploads\/2024\/11\/Scenario_hit_games-pdf-2-212x300.jpg 212w, https:\/\/napalm-editions.fr\/wp-content\/uploads\/2024\/11\/Scenario_hit_games-pdf-2-768x1087.jpg 768w, https:\/\/napalm-editions.fr\/wp-content\/uploads\/2024\/11\/Scenario_hit_games-pdf-2-600x849.jpg 600w, https:\/\/napalm-editions.fr\/wp-content\/uploads\/2024\/11\/Scenario_hit_games-pdf-2.jpg 1058w\" sizes=\"(max-width: 724px) 100vw, 724px\" \/>\t\t\t\t\t\t\t\t<\/a>\n\t\t\t\t\t\t\t\t\t\t\t<figcaption class=\"widget-image-caption wp-caption-text\">Sc\u00e9nario : Hit games<\/figcaption>\n\t\t\t\t\t\t\t\t\t\t<\/figure>\n\t\t\t\t\t\t\t\t\t<\/div>\n\t\t\t\t<\/div>\n\t\t\t\t<div class=\"elementor-element elementor-element-9adabf1 elementor-widget elementor-widget-image\" data-id=\"9adabf1\" data-element_type=\"widget\" data-e-type=\"widget\" data-widget_type=\"image.default\">\n\t\t\t\t<div class=\"elementor-widget-container\">\n\t\t\t\t\t\t\t\t\t\t\t\t<figure class=\"wp-caption\">\n\t\t\t\t\t\t\t\t\t\t\t<a href=\"https:\/\/napalm-editions.fr\/wp-content\/uploads\/2024\/11\/Tentacule.pdf\">\n\t\t\t\t\t\t\t<img loading=\"lazy\" decoding=\"async\" width=\"724\" height=\"1024\" src=\"https:\/\/napalm-editions.fr\/wp-content\/uploads\/2024\/11\/Tentacule-pdf-1-724x1024.jpg\" class=\"attachment-large size-large wp-image-338\" alt=\"\" srcset=\"https:\/\/napalm-editions.fr\/wp-content\/uploads\/2024\/11\/Tentacule-pdf-1-724x1024.jpg 724w, https:\/\/napalm-editions.fr\/wp-content\/uploads\/2024\/11\/Tentacule-pdf-1-212x300.jpg 212w, https:\/\/napalm-editions.fr\/wp-content\/uploads\/2024\/11\/Tentacule-pdf-1-768x1087.jpg 768w, https:\/\/napalm-editions.fr\/wp-content\/uploads\/2024\/11\/Tentacule-pdf-1-600x849.jpg 600w, https:\/\/napalm-editions.fr\/wp-content\/uploads\/2024\/11\/Tentacule-pdf-1.jpg 1058w\" sizes=\"(max-width: 724px) 100vw, 724px\" \/>\t\t\t\t\t\t\t\t<\/a>\n\t\t\t\t\t\t\t\t\t\t\t<figcaption class=\"widget-image-caption wp-caption-text\">Sc\u00e9nario : Le Tentacule d'or<\/figcaption>\n\t\t\t\t\t\t\t\t\t\t<\/figure>\n\t\t\t\t\t\t\t\t\t<\/div>\n\t\t\t\t<\/div>\n\t\t\t\t<div class=\"elementor-element elementor-element-3bd97d4 elementor-widget elementor-widget-image\" data-id=\"3bd97d4\" data-element_type=\"widget\" data-e-type=\"widget\" data-widget_type=\"image.default\">\n\t\t\t\t<div class=\"elementor-widget-container\">\n\t\t\t\t\t\t\t\t\t\t\t\t<figure class=\"wp-caption\">\n\t\t\t\t\t\t\t\t\t\t\t<a href=\"https:\/\/napalm-editions.fr\/wp-content\/uploads\/2024\/11\/Chemin_vers_Shambhala.pdf\">\n\t\t\t\t\t\t\t<img loading=\"lazy\" decoding=\"async\" width=\"724\" height=\"1024\" src=\"https:\/\/napalm-editions.fr\/wp-content\/uploads\/2024\/11\/Chemin_vers_Shambhala-pdf-1-724x1024.jpg\" class=\"attachment-large size-large wp-image-341\" alt=\"\" srcset=\"https:\/\/napalm-editions.fr\/wp-content\/uploads\/2024\/11\/Chemin_vers_Shambhala-pdf-1-724x1024.jpg 724w, https:\/\/napalm-editions.fr\/wp-content\/uploads\/2024\/11\/Chemin_vers_Shambhala-pdf-1-212x300.jpg 212w, https:\/\/napalm-editions.fr\/wp-content\/uploads\/2024\/11\/Chemin_vers_Shambhala-pdf-1-768x1087.jpg 768w, https:\/\/napalm-editions.fr\/wp-content\/uploads\/2024\/11\/Chemin_vers_Shambhala-pdf-1-600x849.jpg 600w, https:\/\/napalm-editions.fr\/wp-content\/uploads\/2024\/11\/Chemin_vers_Shambhala-pdf-1.jpg 1058w\" sizes=\"(max-width: 724px) 100vw, 724px\" \/>\t\t\t\t\t\t\t\t<\/a>\n\t\t\t\t\t\t\t\t\t\t\t<figcaption class=\"widget-image-caption wp-caption-text\">Sc\u00e9nario : Chemin vers Shambala<\/figcaption>\n\t\t\t\t\t\t\t\t\t\t<\/figure>\n\t\t\t\t\t\t\t\t\t<\/div>\n\t\t\t\t<\/div>\n\t\t\t\t<div class=\"elementor-element elementor-element-cc0970c elementor-widget elementor-widget-image\" data-id=\"cc0970c\" data-element_type=\"widget\" data-e-type=\"widget\" data-widget_type=\"image.default\">\n\t\t\t\t<div class=\"elementor-widget-container\">\n\t\t\t\t\t\t\t\t\t\t\t\t<figure class=\"wp-caption\">\n\t\t\t\t\t\t\t\t\t\t\t<a href=\"https:\/\/napalm-editions.fr\/wp-content\/uploads\/2024\/11\/Mosquito_bay.pdf\">\n\t\t\t\t\t\t\t<img loading=\"lazy\" decoding=\"async\" width=\"724\" height=\"1024\" src=\"https:\/\/napalm-editions.fr\/wp-content\/uploads\/2024\/11\/Mosquito_bay-pdf-1-724x1024.jpg\" class=\"attachment-large size-large wp-image-339\" alt=\"\" srcset=\"https:\/\/napalm-editions.fr\/wp-content\/uploads\/2024\/11\/Mosquito_bay-pdf-1-724x1024.jpg 724w, https:\/\/napalm-editions.fr\/wp-content\/uploads\/2024\/11\/Mosquito_bay-pdf-1-212x300.jpg 212w, https:\/\/napalm-editions.fr\/wp-content\/uploads\/2024\/11\/Mosquito_bay-pdf-1-768x1087.jpg 768w, https:\/\/napalm-editions.fr\/wp-content\/uploads\/2024\/11\/Mosquito_bay-pdf-1-600x849.jpg 600w, https:\/\/napalm-editions.fr\/wp-content\/uploads\/2024\/11\/Mosquito_bay-pdf-1.jpg 1058w\" sizes=\"(max-width: 724px) 100vw, 724px\" \/>\t\t\t\t\t\t\t\t<\/a>\n\t\t\t\t\t\t\t\t\t\t\t<figcaption class=\"widget-image-caption wp-caption-text\">Sc\u00e9nario : Mosquito bay <\/figcaption>\n\t\t\t\t\t\t\t\t\t\t<\/figure>\n\t\t\t\t\t\t\t\t\t<\/div>\n\t\t\t\t<\/div>\n\t\t\t\t\t<\/div>\n\t\t\t\t<\/div>\n\t\t<div class=\"elementor-element elementor-element-3944ef2 e-grid e-con-boxed e-con e-parent\" data-id=\"3944ef2\" data-element_type=\"container\" data-e-type=\"container\">\n\t\t\t\t\t<div class=\"e-con-inner\">\n\t\t\t\t<div class=\"elementor-element elementor-element-9d086f6 elementor-widget elementor-widget-image\" data-id=\"9d086f6\" data-element_type=\"widget\" data-e-type=\"widget\" data-widget_type=\"image.default\">\n\t\t\t\t<div class=\"elementor-widget-container\">\n\t\t\t\t\t\t\t\t\t\t\t\t<figure class=\"wp-caption\">\n\t\t\t\t\t\t\t\t\t\t\t<a href=\"https:\/\/napalm-editions.fr\/wp-content\/uploads\/2024\/11\/Scenario_Projet_TI502.pdf\">\n\t\t\t\t\t\t\t<img loading=\"lazy\" decoding=\"async\" width=\"620\" height=\"877\" src=\"https:\/\/napalm-editions.fr\/wp-content\/uploads\/2024\/11\/Scenario_Projet_TI502.jpg\" class=\"attachment-large size-large wp-image-300\" alt=\"\" srcset=\"https:\/\/napalm-editions.fr\/wp-content\/uploads\/2024\/11\/Scenario_Projet_TI502.jpg 620w, https:\/\/napalm-editions.fr\/wp-content\/uploads\/2024\/11\/Scenario_Projet_TI502-212x300.jpg 212w, https:\/\/napalm-editions.fr\/wp-content\/uploads\/2024\/11\/Scenario_Projet_TI502-600x849.jpg 600w\" sizes=\"(max-width: 620px) 100vw, 620px\" \/>\t\t\t\t\t\t\t\t<\/a>\n\t\t\t\t\t\t\t\t\t\t\t<figcaption class=\"widget-image-caption wp-caption-text\">Sc\u00e9nario : Projet TI502<\/figcaption>\n\t\t\t\t\t\t\t\t\t\t<\/figure>\n\t\t\t\t\t\t\t\t\t<\/div>\n\t\t\t\t<\/div>\n\t\t\t\t<div class=\"elementor-element elementor-element-fcab2b6 elementor-widget elementor-widget-image\" data-id=\"fcab2b6\" data-element_type=\"widget\" data-e-type=\"widget\" data-widget_type=\"image.default\">\n\t\t\t\t<div class=\"elementor-widget-container\">\n\t\t\t\t\t\t\t\t\t\t\t\t<figure class=\"wp-caption\">\n\t\t\t\t\t\t\t\t\t\t\t<a href=\"https:\/\/napalm-editions.fr\/wp-content\/uploads\/2024\/11\/Seconde-Vague_Subabysse.pdf\">\n\t\t\t\t\t\t\t<img loading=\"lazy\" decoding=\"async\" width=\"724\" height=\"1024\" src=\"https:\/\/napalm-editions.fr\/wp-content\/uploads\/2024\/11\/Seconde-Vague_Subabysse-pdf-1-724x1024.jpg\" class=\"attachment-large size-large wp-image-306\" alt=\"\" srcset=\"https:\/\/napalm-editions.fr\/wp-content\/uploads\/2024\/11\/Seconde-Vague_Subabysse-pdf-1-724x1024.jpg 724w, https:\/\/napalm-editions.fr\/wp-content\/uploads\/2024\/11\/Seconde-Vague_Subabysse-pdf-1-212x300.jpg 212w, https:\/\/napalm-editions.fr\/wp-content\/uploads\/2024\/11\/Seconde-Vague_Subabysse-pdf-1-768x1087.jpg 768w, https:\/\/napalm-editions.fr\/wp-content\/uploads\/2024\/11\/Seconde-Vague_Subabysse-pdf-1-600x849.jpg 600w, https:\/\/napalm-editions.fr\/wp-content\/uploads\/2024\/11\/Seconde-Vague_Subabysse-pdf-1.jpg 1058w\" sizes=\"(max-width: 724px) 100vw, 724px\" \/>\t\t\t\t\t\t\t\t<\/a>\n\t\t\t\t\t\t\t\t\t\t\t<figcaption class=\"widget-image-caption wp-caption-text\">Sc\u00e9nario : La seconde vague<\/figcaption>\n\t\t\t\t\t\t\t\t\t\t<\/figure>\n\t\t\t\t\t\t\t\t\t<\/div>\n\t\t\t\t<\/div>\n\t\t\t\t\t<\/div>\n\t\t\t\t<\/div>\n\t\t<div class=\"elementor-element elementor-element-36e8a09 e-flex e-con-boxed e-con e-parent\" data-id=\"36e8a09\" data-element_type=\"container\" data-e-type=\"container\">\n\t\t\t\t\t<div class=\"e-con-inner\">\n\t\t\t\t<div class=\"elementor-element elementor-element-ff7c622 elementor-widget elementor-widget-image\" data-id=\"ff7c622\" data-element_type=\"widget\" data-e-type=\"widget\" data-widget_type=\"image.default\">\n\t\t\t\t<div class=\"elementor-widget-container\">\n\t\t\t\t\t\t\t\t\t\t\t\t\t\t\t<img loading=\"lazy\" decoding=\"async\" width=\"1024\" height=\"1024\" src=\"https:\/\/napalm-editions.fr\/wp-content\/uploads\/2024\/11\/Logo5Y_Stella-taurus-1024x1024.jpg\" class=\"attachment-large size-large wp-image-307\" alt=\"\" srcset=\"https:\/\/napalm-editions.fr\/wp-content\/uploads\/2024\/11\/Logo5Y_Stella-taurus-1024x1024.jpg 1024w, https:\/\/napalm-editions.fr\/wp-content\/uploads\/2024\/11\/Logo5Y_Stella-taurus-300x300.jpg 300w, https:\/\/napalm-editions.fr\/wp-content\/uploads\/2024\/11\/Logo5Y_Stella-taurus-150x150.jpg 150w, https:\/\/napalm-editions.fr\/wp-content\/uploads\/2024\/11\/Logo5Y_Stella-taurus-768x768.jpg 768w, https:\/\/napalm-editions.fr\/wp-content\/uploads\/2024\/11\/Logo5Y_Stella-taurus-1536x1536.jpg 1536w, https:\/\/napalm-editions.fr\/wp-content\/uploads\/2024\/11\/Logo5Y_Stella-taurus-2048x2048.jpg 2048w, https:\/\/napalm-editions.fr\/wp-content\/uploads\/2024\/11\/Logo5Y_Stella-taurus-600x600.jpg 600w\" sizes=\"(max-width: 1024px) 100vw, 1024px\" \/>\t\t\t\t\t\t\t\t\t\t\t\t\t\t\t<\/div>\n\t\t\t\t<\/div>\n\t\t\t\t\t<\/div>\n\t\t\t\t<\/div>\n\t\t<div class=\"elementor-element elementor-element-e356594 e-grid e-con-boxed e-con e-parent\" data-id=\"e356594\" data-element_type=\"container\" data-e-type=\"container\">\n\t\t\t\t\t<div class=\"e-con-inner\">\n\t\t\t\t\t<\/div>\n\t\t\t\t<\/div>\n\t\t\t\t<\/div>\n\t\t","protected":false},"excerpt":{"rendered":"<p>Calendrier m\u00e9rium 324-1 Calendrier m\u00e9rium 324-2 Calendrier m\u00e9rium 324-3 Fiche vierge bleue Fiche vierge sans fond Perso pr\u00e9tir\u00e9s Carte de Subabysse Kit d&rsquo;initiation Sc\u00e9nario : Hit games Sc\u00e9nario : Le&hellip;<\/p>\n","protected":false},"author":1,"featured_media":281,"parent":0,"menu_order":0,"comment_status":"closed","ping_status":"open","template":"","meta":{"_bbp_topic_count":0,"_bbp_reply_count":0,"_bbp_total_topic_count":0,"_bbp_total_reply_count":0,"_bbp_voice_count":0,"_bbp_anonymous_reply_count":0,"_bbp_topic_count_hidden":0,"_bbp_reply_count_hidden":0,"_bbp_forum_subforum_count":0,"footnotes":""},"class_list":["post-2","page","type-page","status-publish","has-post-thumbnail","hentry"],"jetpack_sharing_enabled":true,"_links":{"self":[{"href":"https:\/\/napalm-editions.fr\/index.php?rest_route=\/wp\/v2\/pages\/2","targetHints":{"allow":["GET"]}}],"collection":[{"href":"https:\/\/napalm-editions.fr\/index.php?rest_route=\/wp\/v2\/pages"}],"about":[{"href":"https:\/\/napalm-editions.fr\/index.php?rest_route=\/wp\/v2\/types\/page"}],"author":[{"embeddable":true,"href":"https:\/\/napalm-editions.fr\/index.php?rest_route=\/wp\/v2\/users\/1"}],"replies":[{"embeddable":true,"href":"https:\/\/napalm-editions.fr\/index.php?rest_route=%2Fwp%2Fv2%2Fcomments&post=2"}],"version-history":[{"count":22,"href":"https:\/\/napalm-editions.fr\/index.php?rest_route=\/wp\/v2\/pages\/2\/revisions"}],"predecessor-version":[{"id":348,"href":"https:\/\/napalm-editions.fr\/index.php?rest_route=\/wp\/v2\/pages\/2\/revisions\/348"}],"wp:featuredmedia":[{"embeddable":true,"href":"https:\/\/napalm-editions.fr\/index.php?rest_route=\/wp\/v2\/media\/281"}],"wp:attachment":[{"href":"https:\/\/napalm-editions.fr\/index.php?rest_route=%2Fwp%2Fv2%2Fmedia&parent=2"}],"curies":[{"name":"wp","href":"https:\/\/api.w.org\/{rel}","templated":true}]}}